{"id":9,"date":"2020-03-19T12:43:51","date_gmt":"2020-03-19T11:43:51","guid":{"rendered":"http:\/\/rue-de-seine.com\/?page_id=9"},"modified":"2020-03-19T17:34:41","modified_gmt":"2020-03-19T16:34:41","slug":"accueil","status":"publish","type":"page","link":"https:\/\/rue-de-seine.com\/","title":{"rendered":"Accueil"},"content":{"rendered":"<p>Bienvenue sur ce site qui raconte l&rsquo;histoire des maisons situ\u00e9es entre le quai de Seine, la rue de Seine et la rue Mazarine, jusqu&rsquo;\u00e0 la rue de Buci . Vous trouverez dans la colonne de droite les num\u00e9ros des immeubles de la rue de Seine. Il vous suffira de cliquer pour obtenir l&rsquo;histoire de l&rsquo;immeuble. Parfois, quand cela a \u00e9t\u00e9 possible, vous trouverez en parall\u00e8le celle de la maison de la rue Mazarine situ\u00e9e derri\u00e8re.<\/p>\n<p>Les n\u00b0 sont accompagn\u00e9s d&rsquo;une ou plusieurs \u00e9toiles. Elles sont l&rsquo;indice d&rsquo;avancement de la recherche et peuvent \u00eatre du nombre de 1 \u00e0 4.<\/p>\n<p>Je vous souhaite une bonne et agr\u00e9able lecture !<\/p>\n","protected":false},"excerpt":{"rendered":"<p>Bienvenue sur ce site qui raconte l&rsquo;histoire des maisons situ\u00e9es entre le quai de Seine, la rue de Seine et la rue Mazarine, jusqu&rsquo;\u00e0 la rue de Buci . Vous trouverez dans la colonne de droite les num\u00e9ros des immeubles &hellip; <a href=\"https:\/\/rue-de-seine.com\/\">Continuer la lecture <span class=\"meta-nav\">&rarr;<\/span><\/a><\/p>\n","protected":false},"author":1,"featured_media":0,"parent":0,"menu_order":0,"comment_status":"closed","ping_status":"closed","template":"","meta":{"footnotes":""},"_links":{"self":[{"href":"https:\/\/rue-de-seine.com\/index.php\/wp-json\/wp\/v2\/pages\/9"}],"collection":[{"href":"https:\/\/rue-de-seine.com\/index.php\/wp-json\/wp\/v2\/pages"}],"about":[{"href":"https:\/\/rue-de-seine.com\/index.php\/wp-json\/wp\/v2\/types\/page"}],"author":[{"embeddable":true,"href":"https:\/\/rue-de-seine.com\/index.php\/wp-json\/wp\/v2\/users\/1"}],"replies":[{"embeddable":true,"href":"https:\/\/rue-de-seine.com\/index.php\/wp-json\/wp\/v2\/comments?post=9"}],"version-history":[{"count":2,"href":"https:\/\/rue-de-seine.com\/index.php\/wp-json\/wp\/v2\/pages\/9\/revisions"}],"predecessor-version":[{"id":64,"href":"https:\/\/rue-de-seine.com\/index.php\/wp-json\/wp\/v2\/pages\/9\/revisions\/64"}],"wp:attachment":[{"href":"https:\/\/rue-de-seine.com\/index.php\/wp-json\/wp\/v2\/media?parent=9"}],"curies":[{"name":"wp","href":"https:\/\/api.w.org\/{rel}","templated":true}]}}